{"id":1444,"date":"2025-10-22T14:05:46","date_gmt":"2025-10-22T14:05:46","guid":{"rendered":"https:\/\/matchayama.com\/product\/matcha-kombi\/"},"modified":"2026-02-01T18:21:05","modified_gmt":"2026-02-01T18:21:05","slug":"matcha-kombi","status":"publish","type":"product","link":"https:\/\/matchayama.com\/de\/produkt\/matcha-kombi\/","title":{"rendered":"matcha combo"},"content":{"rendered":"<p>Matcha f\u00fcr die ganze Woche, ein mon-fri matcha gepaart mit einem sunday matcha<\/p>\n","protected":false},"excerpt":{"rendered":"<p>Matcha f\u00fcr die ganze Woche, ein Mon-Freitag-Matcha gepaart mit einem Sonntags-Matcha.<\/p>\n","protected":false},"featured_media":1862,"comment_status":"open","ping_status":"closed","template":"","meta":{"_acf_changed":false},"product_brand":[],"product_cat":[41],"product_tag":[],"class_list":{"0":"post-1444","1":"product","2":"type-product","3":"status-publish","4":"has-post-thumbnail","6":"product_cat-matcha","8":"first","9":"instock","10":"taxable","11":"shipping-taxable","12":"purchasable","13":"product-type-bundle"},"bundled_by":[],"bundle_stock_status":"instock","bundle_stock_quantity":44,"bundle_virtual":false,"bundle_layout":"default","bundle_add_to_cart_form_location":"default","bundle_editable_in_cart":false,"bundle_sold_individually_context":"product","bundle_item_grouping":"parent","bundle_min_size":"","bundle_max_size":"","bundle_price":{"price":{"min":{"incl_tax":"65","excl_tax":"65"},"max":{"incl_tax":"65","excl_tax":"65"}},"regular_price":{"min":{"incl_tax":"65","excl_tax":"65"},"max":{"incl_tax":"65","excl_tax":"65"}}},"bundled_items":[{"bundled_item_id":5,"product_id":1437,"menu_order":0,"quantity_min":1,"quantity_max":1,"quantity_default":1,"priced_individually":false,"shipped_individually":false,"override_title":false,"title":"mon-fri matcha","override_description":false,"description":"mon-fri matcha","optional":false,"hide_thumbnail":false,"discount":"","override_variations":false,"allowed_variations":[""],"override_default_variation_attributes":false,"default_variation_attributes":[],"single_product_visibility":"visible","cart_visibility":"hidden","order_visibility":"visible","single_product_price_visibility":"visible","cart_price_visibility":"visible","order_price_visibility":"visible","stock_status":"in_stock"},{"bundled_item_id":6,"product_id":1440,"menu_order":1,"quantity_min":1,"quantity_max":1,"quantity_default":1,"priced_individually":false,"shipped_individually":false,"override_title":false,"title":"sunday matcha","override_description":false,"description":"sunday matcha","optional":false,"hide_thumbnail":false,"discount":"","override_variations":false,"allowed_variations":[""],"override_default_variation_attributes":false,"default_variation_attributes":[],"single_product_visibility":"visible","cart_visibility":"hidden","order_visibility":"visible","single_product_price_visibility":"visible","cart_price_visibility":"visible","order_price_visibility":"visible","stock_status":"in_stock"}],"bundle_sell_ids":[],"acf":[],"yoast_head":"<!-- This site is optimized with the Yoast SEO plugin v27.4 - https:\/\/yoast.com\/product\/yoast-seo-wordpress\/ -->\n<title>matcha combo - Matcha Yama<\/title>\n<meta name=\"description\" content=\"Beide Matchasorten ergeben die perfekte Mischung f\u00fcr die ganze Woche. F\u00fcr jeden Tag etwas, um dein Ritual zu genie\u00dfen.\" \/>\n<meta name=\"robots\" content=\"index, follow, max-snippet:-1, max-image-preview:large, max-video-preview:-1\" \/>\n<link rel=\"canonical\" href=\"https:\/\/matchayama.com\/de\/produkt\/matcha-kombi\/\" \/>\n<meta property=\"og:locale\" content=\"de_DE\" \/>\n<meta property=\"og:type\" content=\"article\" \/>\n<meta property=\"og:title\" content=\"matcha combo - Matcha Yama\" \/>\n<meta property=\"og:description\" content=\"Beide Matchasorten ergeben die perfekte Mischung f\u00fcr die ganze Woche. F\u00fcr jeden Tag etwas, um dein Ritual zu genie\u00dfen.\" \/>\n<meta property=\"og:url\" content=\"https:\/\/matchayama.com\/de\/produkt\/matcha-kombi\/\" \/>\n<meta property=\"og:site_name\" content=\"Matcha Yama\" \/>\n<meta property=\"article:modified_time\" content=\"2026-02-01T18:21:05+00:00\" \/>\n<meta property=\"og:image\" content=\"https:\/\/matchayama.com\/wp-content\/uploads\/2025\/10\/matcha-1.webp\" \/>\n\t<meta property=\"og:image:width\" content=\"2280\" \/>\n\t<meta property=\"og:image:height\" content=\"1335\" \/>\n\t<meta property=\"og:image:type\" content=\"image\/webp\" \/>\n<meta name=\"twitter:card\" content=\"summary_large_image\" \/>\n<meta name=\"twitter:label1\" content=\"Gesch\u00e4tzte Lesezeit\" \/>\n\t<meta name=\"twitter:data1\" content=\"1\u00a0Minute\" \/>\n<script type=\"application\/ld+json\" class=\"yoast-schema-graph\">{\"@context\":\"https:\\\/\\\/schema.org\",\"@graph\":[{\"@type\":\"WebPage\",\"@id\":\"https:\\\/\\\/matchayama.com\\\/de\\\/produkt\\\/matcha-kombi\\\/\",\"url\":\"https:\\\/\\\/matchayama.com\\\/de\\\/produkt\\\/matcha-kombi\\\/\",\"name\":\"matcha combo - Matcha Yama\",\"isPartOf\":{\"@id\":\"https:\\\/\\\/matchayama.com\\\/de\\\/#website\"},\"primaryImageOfPage\":{\"@id\":\"https:\\\/\\\/matchayama.com\\\/de\\\/produkt\\\/matcha-kombi\\\/#primaryimage\"},\"image\":{\"@id\":\"https:\\\/\\\/matchayama.com\\\/de\\\/produkt\\\/matcha-kombi\\\/#primaryimage\"},\"thumbnailUrl\":\"https:\\\/\\\/matchayama.com\\\/wp-content\\\/uploads\\\/2025\\\/10\\\/matcha-combo-2-scaled.webp\",\"datePublished\":\"2025-10-22T14:05:46+00:00\",\"dateModified\":\"2026-02-01T18:21:05+00:00\",\"description\":\"Beide Matchasorten ergeben die perfekte Mischung f\u00fcr die ganze Woche. F\u00fcr jeden Tag etwas, um dein Ritual zu genie\u00dfen.\",\"breadcrumb\":{\"@id\":\"https:\\\/\\\/matchayama.com\\\/de\\\/produkt\\\/matcha-kombi\\\/#breadcrumb\"},\"inLanguage\":\"de\",\"potentialAction\":[{\"@type\":\"ReadAction\",\"target\":[\"https:\\\/\\\/matchayama.com\\\/de\\\/produkt\\\/matcha-kombi\\\/\"]}]},{\"@type\":\"ImageObject\",\"inLanguage\":\"de\",\"@id\":\"https:\\\/\\\/matchayama.com\\\/de\\\/produkt\\\/matcha-kombi\\\/#primaryimage\",\"url\":\"https:\\\/\\\/matchayama.com\\\/wp-content\\\/uploads\\\/2025\\\/10\\\/matcha-combo-2-scaled.webp\",\"contentUrl\":\"https:\\\/\\\/matchayama.com\\\/wp-content\\\/uploads\\\/2025\\\/10\\\/matcha-combo-2-scaled.webp\",\"width\":2560,\"height\":1707},{\"@type\":\"BreadcrumbList\",\"@id\":\"https:\\\/\\\/matchayama.com\\\/de\\\/produkt\\\/matcha-kombi\\\/#breadcrumb\",\"itemListElement\":[{\"@type\":\"ListItem\",\"position\":1,\"name\":\"Home\",\"item\":\"https:\\\/\\\/matchayama.com\\\/de\\\/matcha\\\/\"},{\"@type\":\"ListItem\",\"position\":2,\"name\":\"Shop\",\"item\":\"https:\\\/\\\/matchayama.com\\\/de\\\/shop\\\/\"},{\"@type\":\"ListItem\",\"position\":3,\"name\":\"matcha combo\"}]},{\"@type\":\"WebSite\",\"@id\":\"https:\\\/\\\/matchayama.com\\\/de\\\/#website\",\"url\":\"https:\\\/\\\/matchayama.com\\\/de\\\/\",\"name\":\"Matcha Yama\",\"description\":\"don\u2019t settle for good enough\",\"publisher\":{\"@id\":\"https:\\\/\\\/matchayama.com\\\/de\\\/#organization\"},\"potentialAction\":[{\"@type\":\"SearchAction\",\"target\":{\"@type\":\"EntryPoint\",\"urlTemplate\":\"https:\\\/\\\/matchayama.com\\\/de\\\/?s={search_term_string}\"},\"query-input\":{\"@type\":\"PropertyValueSpecification\",\"valueRequired\":true,\"valueName\":\"search_term_string\"}}],\"inLanguage\":\"de\"},{\"@type\":\"Organization\",\"@id\":\"https:\\\/\\\/matchayama.com\\\/de\\\/#organization\",\"name\":\"Matcha Yama\",\"url\":\"https:\\\/\\\/matchayama.com\\\/de\\\/\",\"logo\":{\"@type\":\"ImageObject\",\"inLanguage\":\"de\",\"@id\":\"https:\\\/\\\/matchayama.com\\\/de\\\/#\\\/schema\\\/logo\\\/image\\\/\",\"url\":\"https:\\\/\\\/matchayama.com\\\/wp-content\\\/uploads\\\/2025\\\/05\\\/Vector-803.webp\",\"contentUrl\":\"https:\\\/\\\/matchayama.com\\\/wp-content\\\/uploads\\\/2025\\\/05\\\/Vector-803.webp\",\"width\":252,\"height\":202,\"caption\":\"Matcha Yama\"},\"image\":{\"@id\":\"https:\\\/\\\/matchayama.com\\\/de\\\/#\\\/schema\\\/logo\\\/image\\\/\"}}]}<\/script>\n<!-- \/ Yoast SEO plugin. -->","yoast_head_json":{"title":"matcha combo - Matcha Yama","description":"Beide Matchasorten ergeben die perfekte Mischung f\u00fcr die ganze Woche. F\u00fcr jeden Tag etwas, um dein Ritual zu genie\u00dfen.","robots":{"index":"index","follow":"follow","max-snippet":"max-snippet:-1","max-image-preview":"max-image-preview:large","max-video-preview":"max-video-preview:-1"},"canonical":"https:\/\/matchayama.com\/de\/produkt\/matcha-kombi\/","og_locale":"de_DE","og_type":"article","og_title":"matcha combo - Matcha Yama","og_description":"Beide Matchasorten ergeben die perfekte Mischung f\u00fcr die ganze Woche. F\u00fcr jeden Tag etwas, um dein Ritual zu genie\u00dfen.","og_url":"https:\/\/matchayama.com\/de\/produkt\/matcha-kombi\/","og_site_name":"Matcha Yama","article_modified_time":"2026-02-01T18:21:05+00:00","og_image":[{"width":2280,"height":1335,"url":"https:\/\/matchayama.com\/wp-content\/uploads\/2025\/10\/matcha-1.webp","type":"image\/webp"}],"twitter_card":"summary_large_image","twitter_misc":{"Gesch\u00e4tzte Lesezeit":"1\u00a0Minute"},"schema":{"@context":"https:\/\/schema.org","@graph":[{"@type":"WebPage","@id":"https:\/\/matchayama.com\/de\/produkt\/matcha-kombi\/","url":"https:\/\/matchayama.com\/de\/produkt\/matcha-kombi\/","name":"matcha combo - Matcha Yama","isPartOf":{"@id":"https:\/\/matchayama.com\/de\/#website"},"primaryImageOfPage":{"@id":"https:\/\/matchayama.com\/de\/produkt\/matcha-kombi\/#primaryimage"},"image":{"@id":"https:\/\/matchayama.com\/de\/produkt\/matcha-kombi\/#primaryimage"},"thumbnailUrl":"https:\/\/matchayama.com\/wp-content\/uploads\/2025\/10\/matcha-combo-2-scaled.webp","datePublished":"2025-10-22T14:05:46+00:00","dateModified":"2026-02-01T18:21:05+00:00","description":"Beide Matchasorten ergeben die perfekte Mischung f\u00fcr die ganze Woche. F\u00fcr jeden Tag etwas, um dein Ritual zu genie\u00dfen.","breadcrumb":{"@id":"https:\/\/matchayama.com\/de\/produkt\/matcha-kombi\/#breadcrumb"},"inLanguage":"de","potentialAction":[{"@type":"ReadAction","target":["https:\/\/matchayama.com\/de\/produkt\/matcha-kombi\/"]}]},{"@type":"ImageObject","inLanguage":"de","@id":"https:\/\/matchayama.com\/de\/produkt\/matcha-kombi\/#primaryimage","url":"https:\/\/matchayama.com\/wp-content\/uploads\/2025\/10\/matcha-combo-2-scaled.webp","contentUrl":"https:\/\/matchayama.com\/wp-content\/uploads\/2025\/10\/matcha-combo-2-scaled.webp","width":2560,"height":1707},{"@type":"BreadcrumbList","@id":"https:\/\/matchayama.com\/de\/produkt\/matcha-kombi\/#breadcrumb","itemListElement":[{"@type":"ListItem","position":1,"name":"Home","item":"https:\/\/matchayama.com\/de\/matcha\/"},{"@type":"ListItem","position":2,"name":"Shop","item":"https:\/\/matchayama.com\/de\/shop\/"},{"@type":"ListItem","position":3,"name":"matcha combo"}]},{"@type":"WebSite","@id":"https:\/\/matchayama.com\/de\/#website","url":"https:\/\/matchayama.com\/de\/","name":"Matcha Yama","description":"don\u2019t settle for good enough","publisher":{"@id":"https:\/\/matchayama.com\/de\/#organization"},"potentialAction":[{"@type":"SearchAction","target":{"@type":"EntryPoint","urlTemplate":"https:\/\/matchayama.com\/de\/?s={search_term_string}"},"query-input":{"@type":"PropertyValueSpecification","valueRequired":true,"valueName":"search_term_string"}}],"inLanguage":"de"},{"@type":"Organization","@id":"https:\/\/matchayama.com\/de\/#organization","name":"Matcha Yama","url":"https:\/\/matchayama.com\/de\/","logo":{"@type":"ImageObject","inLanguage":"de","@id":"https:\/\/matchayama.com\/de\/#\/schema\/logo\/image\/","url":"https:\/\/matchayama.com\/wp-content\/uploads\/2025\/05\/Vector-803.webp","contentUrl":"https:\/\/matchayama.com\/wp-content\/uploads\/2025\/05\/Vector-803.webp","width":252,"height":202,"caption":"Matcha Yama"},"image":{"@id":"https:\/\/matchayama.com\/de\/#\/schema\/logo\/image\/"}}]}},"_links":{"self":[{"href":"https:\/\/matchayama.com\/de\/wp-json\/wp\/v2\/product\/1444","targetHints":{"allow":["GET"]}}],"collection":[{"href":"https:\/\/matchayama.com\/de\/wp-json\/wp\/v2\/product"}],"about":[{"href":"https:\/\/matchayama.com\/de\/wp-json\/wp\/v2\/types\/product"}],"replies":[{"embeddable":true,"href":"https:\/\/matchayama.com\/de\/wp-json\/wp\/v2\/comments?post=1444"}],"wp:featuredmedia":[{"embeddable":true,"href":"https:\/\/matchayama.com\/de\/wp-json\/wp\/v2\/media\/1862"}],"wp:attachment":[{"href":"https:\/\/matchayama.com\/de\/wp-json\/wp\/v2\/media?parent=1444"}],"wp:term":[{"taxonomy":"product_brand","embeddable":true,"href":"https:\/\/matchayama.com\/de\/wp-json\/wp\/v2\/product_brand?post=1444"},{"taxonomy":"product_cat","embeddable":true,"href":"https:\/\/matchayama.com\/de\/wp-json\/wp\/v2\/product_cat?post=1444"},{"taxonomy":"product_tag","embeddable":true,"href":"https:\/\/matchayama.com\/de\/wp-json\/wp\/v2\/product_tag?post=1444"}],"curies":[{"name":"wp","href":"https:\/\/api.w.org\/{rel}","templated":true}]}}