{"id":1437,"date":"2025-07-07T07:42:52","date_gmt":"2025-07-07T07:42:52","guid":{"rendered":"https:\/\/matchayama.com\/product\/mon-fri-matcha\/"},"modified":"2026-04-01T16:03:44","modified_gmt":"2026-04-01T16:03:44","slug":"mon-fri-matcha","status":"publish","type":"product","link":"https:\/\/matchayama.com\/de\/produkt\/mon-fri-matcha\/","title":{"rendered":"mon-fri matcha"},"content":{"rendered":"<p>Unser mon-fri Matcha ist einzigartig und zeichnet sich durch seine leuchtend gr\u00fcne Farbe, sanfte S\u00fc\u00dfe und glatte, seidige Textur aus.<\/p>\n<p>Maschinell gepfl\u00fcckt<br \/>\nErste Ernte<br \/>\nSteinm\u00fchle<\/p>\n","protected":false},"excerpt":{"rendered":"<p>Unser mon-fri matcha ist einzigartig und zeichnet sich durch seine leuchtend gr\u00fcne Farbe, sanfte S\u00fc\u00dfe und glatte, seidige Textur aus.<\/p>\n","protected":false},"featured_media":1865,"comment_status":"open","ping_status":"closed","template":"","meta":{"_acf_changed":false},"product_brand":[],"product_cat":[41],"product_tag":[],"class_list":{"0":"post-1437","1":"product","2":"type-product","3":"status-publish","4":"has-post-thumbnail","6":"product_cat-matcha","8":"first","9":"instock","10":"taxable","11":"shipping-taxable","12":"purchasable","13":"product-type-simple"},"bundled_by":["1444"],"bundle_stock_status":"instock","bundle_stock_quantity":40,"bundle_virtual":false,"bundle_layout":"","bundle_add_to_cart_form_location":"","bundle_editable_in_cart":false,"bundle_sold_individually_context":"","bundle_item_grouping":"","bundle_min_size":"","bundle_max_size":"","bundle_price":[],"bundled_items":[],"bundle_sell_ids":[],"acf":[],"yoast_head":"<!-- This site is optimized with the Yoast SEO plugin v27.4 - https:\/\/yoast.com\/product\/yoast-seo-wordpress\/ -->\n<title>mon-fri matcha - Matcha Yama<\/title>\n<meta name=\"description\" content=\"Die Sorte Okumidori eignet sich hervorragend zur Herstellung von Matcha mit einer leuchtend gr\u00fcnen Farbe, einem sch\u00f6nen Umami-Geschmack und einem seidigen Mundgef\u00fchl.\" \/>\n<meta name=\"robots\" content=\"index, follow, max-snippet:-1, max-image-preview:large, max-video-preview:-1\" \/>\n<link rel=\"canonical\" href=\"https:\/\/matchayama.com\/de\/produkt\/mon-fri-matcha\/\" \/>\n<meta property=\"og:locale\" content=\"de_DE\" \/>\n<meta property=\"og:type\" content=\"article\" \/>\n<meta property=\"og:title\" content=\"mon-fri matcha - Matcha Yama\" \/>\n<meta property=\"og:description\" content=\"Die Sorte Okumidori eignet sich hervorragend zur Herstellung von Matcha mit einer leuchtend gr\u00fcnen Farbe, einem sch\u00f6nen Umami-Geschmack und einem seidigen Mundgef\u00fchl.\" \/>\n<meta property=\"og:url\" content=\"https:\/\/matchayama.com\/de\/produkt\/mon-fri-matcha\/\" \/>\n<meta property=\"og:site_name\" content=\"Matcha Yama\" \/>\n<meta property=\"article:modified_time\" content=\"2026-04-01T16:03:44+00:00\" \/>\n<meta property=\"og:image\" content=\"https:\/\/matchayama.com\/wp-content\/uploads\/2025\/10\/mon-fri-scaled.webp\" \/>\n\t<meta property=\"og:image:width\" content=\"2560\" \/>\n\t<meta property=\"og:image:height\" content=\"1707\" \/>\n\t<meta property=\"og:image:type\" content=\"image\/webp\" \/>\n<meta name=\"twitter:card\" content=\"summary_large_image\" \/>\n<script type=\"application\/ld+json\" class=\"yoast-schema-graph\">{\"@context\":\"https:\\\/\\\/schema.org\",\"@graph\":[{\"@type\":\"WebPage\",\"@id\":\"https:\\\/\\\/matchayama.com\\\/de\\\/produkt\\\/mon-fri-matcha\\\/\",\"url\":\"https:\\\/\\\/matchayama.com\\\/de\\\/produkt\\\/mon-fri-matcha\\\/\",\"name\":\"mon-fri matcha - Matcha Yama\",\"isPartOf\":{\"@id\":\"https:\\\/\\\/matchayama.com\\\/de\\\/#website\"},\"primaryImageOfPage\":{\"@id\":\"https:\\\/\\\/matchayama.com\\\/de\\\/produkt\\\/mon-fri-matcha\\\/#primaryimage\"},\"image\":{\"@id\":\"https:\\\/\\\/matchayama.com\\\/de\\\/produkt\\\/mon-fri-matcha\\\/#primaryimage\"},\"thumbnailUrl\":\"https:\\\/\\\/matchayama.com\\\/wp-content\\\/uploads\\\/2025\\\/10\\\/mon-fri-scaled.webp\",\"datePublished\":\"2025-07-07T07:42:52+00:00\",\"dateModified\":\"2026-04-01T16:03:44+00:00\",\"description\":\"Die Sorte Okumidori eignet sich hervorragend zur Herstellung von Matcha mit einer leuchtend gr\u00fcnen Farbe, einem sch\u00f6nen Umami-Geschmack und einem seidigen Mundgef\u00fchl.\",\"breadcrumb\":{\"@id\":\"https:\\\/\\\/matchayama.com\\\/de\\\/produkt\\\/mon-fri-matcha\\\/#breadcrumb\"},\"inLanguage\":\"de\",\"potentialAction\":[{\"@type\":\"ReadAction\",\"target\":[\"https:\\\/\\\/matchayama.com\\\/de\\\/produkt\\\/mon-fri-matcha\\\/\"]}]},{\"@type\":\"ImageObject\",\"inLanguage\":\"de\",\"@id\":\"https:\\\/\\\/matchayama.com\\\/de\\\/produkt\\\/mon-fri-matcha\\\/#primaryimage\",\"url\":\"https:\\\/\\\/matchayama.com\\\/wp-content\\\/uploads\\\/2025\\\/10\\\/mon-fri-scaled.webp\",\"contentUrl\":\"https:\\\/\\\/matchayama.com\\\/wp-content\\\/uploads\\\/2025\\\/10\\\/mon-fri-scaled.webp\",\"width\":2560,\"height\":1707},{\"@type\":\"BreadcrumbList\",\"@id\":\"https:\\\/\\\/matchayama.com\\\/de\\\/produkt\\\/mon-fri-matcha\\\/#breadcrumb\",\"itemListElement\":[{\"@type\":\"ListItem\",\"position\":1,\"name\":\"Home\",\"item\":\"https:\\\/\\\/matchayama.com\\\/de\\\/matcha\\\/\"},{\"@type\":\"ListItem\",\"position\":2,\"name\":\"Shop\",\"item\":\"https:\\\/\\\/matchayama.com\\\/de\\\/shop\\\/\"},{\"@type\":\"ListItem\",\"position\":3,\"name\":\"mon-fri matcha\"}]},{\"@type\":\"WebSite\",\"@id\":\"https:\\\/\\\/matchayama.com\\\/de\\\/#website\",\"url\":\"https:\\\/\\\/matchayama.com\\\/de\\\/\",\"name\":\"Matcha Yama\",\"description\":\"don\u2019t settle for good enough\",\"publisher\":{\"@id\":\"https:\\\/\\\/matchayama.com\\\/de\\\/#organization\"},\"potentialAction\":[{\"@type\":\"SearchAction\",\"target\":{\"@type\":\"EntryPoint\",\"urlTemplate\":\"https:\\\/\\\/matchayama.com\\\/de\\\/?s={search_term_string}\"},\"query-input\":{\"@type\":\"PropertyValueSpecification\",\"valueRequired\":true,\"valueName\":\"search_term_string\"}}],\"inLanguage\":\"de\"},{\"@type\":\"Organization\",\"@id\":\"https:\\\/\\\/matchayama.com\\\/de\\\/#organization\",\"name\":\"Matcha Yama\",\"url\":\"https:\\\/\\\/matchayama.com\\\/de\\\/\",\"logo\":{\"@type\":\"ImageObject\",\"inLanguage\":\"de\",\"@id\":\"https:\\\/\\\/matchayama.com\\\/de\\\/#\\\/schema\\\/logo\\\/image\\\/\",\"url\":\"https:\\\/\\\/matchayama.com\\\/wp-content\\\/uploads\\\/2025\\\/05\\\/Vector-803.webp\",\"contentUrl\":\"https:\\\/\\\/matchayama.com\\\/wp-content\\\/uploads\\\/2025\\\/05\\\/Vector-803.webp\",\"width\":252,\"height\":202,\"caption\":\"Matcha Yama\"},\"image\":{\"@id\":\"https:\\\/\\\/matchayama.com\\\/de\\\/#\\\/schema\\\/logo\\\/image\\\/\"}}]}<\/script>\n<!-- \/ Yoast SEO plugin. -->","yoast_head_json":{"title":"mon-fri matcha - Matcha Yama","description":"Die Sorte Okumidori eignet sich hervorragend zur Herstellung von Matcha mit einer leuchtend gr\u00fcnen Farbe, einem sch\u00f6nen Umami-Geschmack und einem seidigen Mundgef\u00fchl.","robots":{"index":"index","follow":"follow","max-snippet":"max-snippet:-1","max-image-preview":"max-image-preview:large","max-video-preview":"max-video-preview:-1"},"canonical":"https:\/\/matchayama.com\/de\/produkt\/mon-fri-matcha\/","og_locale":"de_DE","og_type":"article","og_title":"mon-fri matcha - Matcha Yama","og_description":"Die Sorte Okumidori eignet sich hervorragend zur Herstellung von Matcha mit einer leuchtend gr\u00fcnen Farbe, einem sch\u00f6nen Umami-Geschmack und einem seidigen Mundgef\u00fchl.","og_url":"https:\/\/matchayama.com\/de\/produkt\/mon-fri-matcha\/","og_site_name":"Matcha Yama","article_modified_time":"2026-04-01T16:03:44+00:00","og_image":[{"width":2560,"height":1707,"url":"https:\/\/matchayama.com\/wp-content\/uploads\/2025\/10\/mon-fri-scaled.webp","type":"image\/webp"}],"twitter_card":"summary_large_image","schema":{"@context":"https:\/\/schema.org","@graph":[{"@type":"WebPage","@id":"https:\/\/matchayama.com\/de\/produkt\/mon-fri-matcha\/","url":"https:\/\/matchayama.com\/de\/produkt\/mon-fri-matcha\/","name":"mon-fri matcha - Matcha Yama","isPartOf":{"@id":"https:\/\/matchayama.com\/de\/#website"},"primaryImageOfPage":{"@id":"https:\/\/matchayama.com\/de\/produkt\/mon-fri-matcha\/#primaryimage"},"image":{"@id":"https:\/\/matchayama.com\/de\/produkt\/mon-fri-matcha\/#primaryimage"},"thumbnailUrl":"https:\/\/matchayama.com\/wp-content\/uploads\/2025\/10\/mon-fri-scaled.webp","datePublished":"2025-07-07T07:42:52+00:00","dateModified":"2026-04-01T16:03:44+00:00","description":"Die Sorte Okumidori eignet sich hervorragend zur Herstellung von Matcha mit einer leuchtend gr\u00fcnen Farbe, einem sch\u00f6nen Umami-Geschmack und einem seidigen Mundgef\u00fchl.","breadcrumb":{"@id":"https:\/\/matchayama.com\/de\/produkt\/mon-fri-matcha\/#breadcrumb"},"inLanguage":"de","potentialAction":[{"@type":"ReadAction","target":["https:\/\/matchayama.com\/de\/produkt\/mon-fri-matcha\/"]}]},{"@type":"ImageObject","inLanguage":"de","@id":"https:\/\/matchayama.com\/de\/produkt\/mon-fri-matcha\/#primaryimage","url":"https:\/\/matchayama.com\/wp-content\/uploads\/2025\/10\/mon-fri-scaled.webp","contentUrl":"https:\/\/matchayama.com\/wp-content\/uploads\/2025\/10\/mon-fri-scaled.webp","width":2560,"height":1707},{"@type":"BreadcrumbList","@id":"https:\/\/matchayama.com\/de\/produkt\/mon-fri-matcha\/#breadcrumb","itemListElement":[{"@type":"ListItem","position":1,"name":"Home","item":"https:\/\/matchayama.com\/de\/matcha\/"},{"@type":"ListItem","position":2,"name":"Shop","item":"https:\/\/matchayama.com\/de\/shop\/"},{"@type":"ListItem","position":3,"name":"mon-fri matcha"}]},{"@type":"WebSite","@id":"https:\/\/matchayama.com\/de\/#website","url":"https:\/\/matchayama.com\/de\/","name":"Matcha Yama","description":"don\u2019t settle for good enough","publisher":{"@id":"https:\/\/matchayama.com\/de\/#organization"},"potentialAction":[{"@type":"SearchAction","target":{"@type":"EntryPoint","urlTemplate":"https:\/\/matchayama.com\/de\/?s={search_term_string}"},"query-input":{"@type":"PropertyValueSpecification","valueRequired":true,"valueName":"search_term_string"}}],"inLanguage":"de"},{"@type":"Organization","@id":"https:\/\/matchayama.com\/de\/#organization","name":"Matcha Yama","url":"https:\/\/matchayama.com\/de\/","logo":{"@type":"ImageObject","inLanguage":"de","@id":"https:\/\/matchayama.com\/de\/#\/schema\/logo\/image\/","url":"https:\/\/matchayama.com\/wp-content\/uploads\/2025\/05\/Vector-803.webp","contentUrl":"https:\/\/matchayama.com\/wp-content\/uploads\/2025\/05\/Vector-803.webp","width":252,"height":202,"caption":"Matcha Yama"},"image":{"@id":"https:\/\/matchayama.com\/de\/#\/schema\/logo\/image\/"}}]}},"_links":{"self":[{"href":"https:\/\/matchayama.com\/de\/wp-json\/wp\/v2\/product\/1437","targetHints":{"allow":["GET"]}}],"collection":[{"href":"https:\/\/matchayama.com\/de\/wp-json\/wp\/v2\/product"}],"about":[{"href":"https:\/\/matchayama.com\/de\/wp-json\/wp\/v2\/types\/product"}],"replies":[{"embeddable":true,"href":"https:\/\/matchayama.com\/de\/wp-json\/wp\/v2\/comments?post=1437"}],"wp:featuredmedia":[{"embeddable":true,"href":"https:\/\/matchayama.com\/de\/wp-json\/wp\/v2\/media\/1865"}],"wp:attachment":[{"href":"https:\/\/matchayama.com\/de\/wp-json\/wp\/v2\/media?parent=1437"}],"wp:term":[{"taxonomy":"product_brand","embeddable":true,"href":"https:\/\/matchayama.com\/de\/wp-json\/wp\/v2\/product_brand?post=1437"},{"taxonomy":"product_cat","embeddable":true,"href":"https:\/\/matchayama.com\/de\/wp-json\/wp\/v2\/product_cat?post=1437"},{"taxonomy":"product_tag","embeddable":true,"href":"https:\/\/matchayama.com\/de\/wp-json\/wp\/v2\/product_tag?post=1437"}],"curies":[{"name":"wp","href":"https:\/\/api.w.org\/{rel}","templated":true}]}}