{"id":1431,"date":"2025-11-04T13:38:00","date_gmt":"2025-11-04T13:38:00","guid":{"rendered":"https:\/\/matchayama.com\/impressum\/"},"modified":"2025-11-06T09:48:35","modified_gmt":"2025-11-06T09:48:35","slug":"impressum","status":"publish","type":"page","link":"https:\/\/matchayama.com\/de\/impressum\/","title":{"rendered":"Impressum"},"content":{"rendered":"\t\t<div data-elementor-type=\"wp-page\" data-elementor-id=\"1431\" class=\"elementor elementor-1431 elementor-1159\" data-elementor-post-type=\"page\">\n\t\t\t\t<div class=\"elementor-element elementor-element-98419c4 e-flex e-con-boxed e-con e-parent\" data-id=\"98419c4\" data-element_type=\"container\" data-e-type=\"container\">\n\t\t\t\t\t<div class=\"e-con-inner\">\n\t\t\t\t\t<\/div>\n\t\t\t\t<\/div>\n\t\t<div class=\"elementor-element elementor-element-1624548 e-flex e-con-boxed e-con e-parent\" data-id=\"1624548\" data-element_type=\"container\" data-e-type=\"container\">\n\t\t\t\t\t<div class=\"e-con-inner\">\n\t\t\t\t<div class=\"elementor-element elementor-element-3ebcef1 elementor-widget elementor-widget-heading\" data-id=\"3ebcef1\" data-element_type=\"widget\" data-e-type=\"widget\" data-widget_type=\"heading.default\">\n\t\t\t\t<div class=\"elementor-widget-container\">\n\t\t\t\t\t<h2 class=\"elementor-heading-title elementor-size-default\">Impressum<\/h2>\t\t\t\t<\/div>\n\t\t\t\t<\/div>\n\t\t\t\t<div class=\"elementor-element elementor-element-df214a7 elementor-widget elementor-widget-text-editor\" data-id=\"df214a7\" data-element_type=\"widget\" data-e-type=\"widget\" data-widget_type=\"text-editor.default\">\n\t\t\t\t<div class=\"elementor-widget-container\">\n\t\t\t\t\t\t\t\t\t<p class=\"p1\"><b>Eigent\u00fcmer der Website<\/b><b><\/b><\/p><p class=\"p3\">Mateo Jakelic e.U. ist der Eigent\u00fcmer der Website \u201ehttps:\/\/matchayama.com\u201c (im Folgenden \u201edie Website\u201c). Der eingetragene Sitz befindet sich in Matschacherstrasse 276\/5, 9181 Feistritz im Rosental, \u00d6sterreich, und es verf\u00fcgt \u00fcber die Steuernummer (Str. Nr.) 612891499, die Umsatzsteuer-Identifikationsnummer (UID) ATU79765309 sowie eine Gewerbeberechtigung (GISA) 38769887. <br><br><br><\/p><p class=\"p3\"><span style=\"font-weight: 400;\"><br><\/span><\/p><p class=\"p3\"> <\/p><p class=\"p3\">Du kannst den Website-Eigent\u00fcmer \u00fcber die folgende E-Mail-Adresse kontaktieren: <span class=\"s2\"><a href=\"mailto:team@matchayama.com\"><b>team@matchayama.com<\/b><\/a><b><\/b><\/span><\/p><p class=\"p3\"> <\/p>\t\t\t\t\t\t\t\t<\/div>\n\t\t\t\t<\/div>\n\t\t\t\t\t<\/div>\n\t\t\t\t<\/div>\n\t\t\t\t<\/div>\n\t\t","protected":false},"excerpt":{"rendered":"<p>Impressum Eigent\u00fcmer der Website Mateo Jakelic e.U. ist der Eigent\u00fcmer der Website \u201ehttps:\/\/matchayama.com\u201c (im Folgenden \u201edie Website\u201c). Der eingetragene Sitz befindet sich in Matschacherstrasse 276\/5, 9181 Feistritz im Rosental, \u00d6sterreich, und es verf\u00fcgt \u00fcber die Steuernummer (Str. Nr.) 612891499, die Umsatzsteuer-Identifikationsnummer (UID) ATU79765309 sowie eine Gewerbeberechtigung (GISA) 38769887. Du kannst den Website-Eigent\u00fcmer \u00fcber die folgende [&hellip;]<\/p>\n","protected":false},"author":1,"featured_media":0,"parent":0,"menu_order":0,"comment_status":"closed","ping_status":"closed","template":"","meta":{"_acf_changed":false,"footnotes":""},"class_list":["post-1431","page","type-page","status-publish","hentry"],"acf":[],"yoast_head":"<!-- This site is optimized with the Yoast SEO plugin v27.4 - https:\/\/yoast.com\/product\/yoast-seo-wordpress\/ -->\n<title>Impressum - Matcha Yama<\/title>\n<meta name=\"robots\" content=\"index, follow, max-snippet:-1, max-image-preview:large, max-video-preview:-1\" \/>\n<link rel=\"canonical\" href=\"https:\/\/matchayama.com\/de\/impressum\/\" \/>\n<meta property=\"og:locale\" content=\"de_DE\" \/>\n<meta property=\"og:type\" content=\"article\" \/>\n<meta property=\"og:title\" content=\"Impressum - Matcha Yama\" \/>\n<meta property=\"og:description\" content=\"Impressum Eigent\u00fcmer der Website Mateo Jakelic e.U. ist der Eigent\u00fcmer der Website \u201ehttps:\/\/matchayama.com\u201c (im Folgenden \u201edie Website\u201c). Der eingetragene Sitz befindet sich in Matschacherstrasse 276\/5, 9181 Feistritz im Rosental, \u00d6sterreich, und es verf\u00fcgt \u00fcber die Steuernummer (Str. Nr.) 612891499, die Umsatzsteuer-Identifikationsnummer (UID) ATU79765309 sowie eine Gewerbeberechtigung (GISA) 38769887. Du kannst den Website-Eigent\u00fcmer \u00fcber die folgende [&hellip;]\" \/>\n<meta property=\"og:url\" content=\"https:\/\/matchayama.com\/de\/impressum\/\" \/>\n<meta property=\"og:site_name\" content=\"Matcha Yama\" \/>\n<meta property=\"article:modified_time\" content=\"2025-11-06T09:48:35+00:00\" \/>\n<meta name=\"twitter:card\" content=\"summary_large_image\" \/>\n<script type=\"application\/ld+json\" class=\"yoast-schema-graph\">{\"@context\":\"https:\\\/\\\/schema.org\",\"@graph\":[{\"@type\":\"WebPage\",\"@id\":\"https:\\\/\\\/matchayama.com\\\/de\\\/impressum\\\/\",\"url\":\"https:\\\/\\\/matchayama.com\\\/de\\\/impressum\\\/\",\"name\":\"Impressum - Matcha Yama\",\"isPartOf\":{\"@id\":\"https:\\\/\\\/matchayama.com\\\/de\\\/#website\"},\"datePublished\":\"2025-11-04T13:38:00+00:00\",\"dateModified\":\"2025-11-06T09:48:35+00:00\",\"breadcrumb\":{\"@id\":\"https:\\\/\\\/matchayama.com\\\/de\\\/impressum\\\/#breadcrumb\"},\"inLanguage\":\"de\",\"potentialAction\":[{\"@type\":\"ReadAction\",\"target\":[\"https:\\\/\\\/matchayama.com\\\/de\\\/impressum\\\/\"]}]},{\"@type\":\"BreadcrumbList\",\"@id\":\"https:\\\/\\\/matchayama.com\\\/de\\\/impressum\\\/#breadcrumb\",\"itemListElement\":[{\"@type\":\"ListItem\",\"position\":1,\"name\":\"Home\",\"item\":\"https:\\\/\\\/matchayama.com\\\/de\\\/matcha\\\/\"},{\"@type\":\"ListItem\",\"position\":2,\"name\":\"Impressum\"}]},{\"@type\":\"WebSite\",\"@id\":\"https:\\\/\\\/matchayama.com\\\/de\\\/#website\",\"url\":\"https:\\\/\\\/matchayama.com\\\/de\\\/\",\"name\":\"Matcha Yama\",\"description\":\"don\u2019t settle for good enough\",\"publisher\":{\"@id\":\"https:\\\/\\\/matchayama.com\\\/de\\\/#organization\"},\"potentialAction\":[{\"@type\":\"SearchAction\",\"target\":{\"@type\":\"EntryPoint\",\"urlTemplate\":\"https:\\\/\\\/matchayama.com\\\/de\\\/?s={search_term_string}\"},\"query-input\":{\"@type\":\"PropertyValueSpecification\",\"valueRequired\":true,\"valueName\":\"search_term_string\"}}],\"inLanguage\":\"de\"},{\"@type\":\"Organization\",\"@id\":\"https:\\\/\\\/matchayama.com\\\/de\\\/#organization\",\"name\":\"Matcha Yama\",\"url\":\"https:\\\/\\\/matchayama.com\\\/de\\\/\",\"logo\":{\"@type\":\"ImageObject\",\"inLanguage\":\"de\",\"@id\":\"https:\\\/\\\/matchayama.com\\\/de\\\/#\\\/schema\\\/logo\\\/image\\\/\",\"url\":\"https:\\\/\\\/matchayama.com\\\/wp-content\\\/uploads\\\/2025\\\/05\\\/Vector-803.webp\",\"contentUrl\":\"https:\\\/\\\/matchayama.com\\\/wp-content\\\/uploads\\\/2025\\\/05\\\/Vector-803.webp\",\"width\":252,\"height\":202,\"caption\":\"Matcha Yama\"},\"image\":{\"@id\":\"https:\\\/\\\/matchayama.com\\\/de\\\/#\\\/schema\\\/logo\\\/image\\\/\"}}]}<\/script>\n<!-- \/ Yoast SEO plugin. -->","yoast_head_json":{"title":"Impressum - Matcha Yama","robots":{"index":"index","follow":"follow","max-snippet":"max-snippet:-1","max-image-preview":"max-image-preview:large","max-video-preview":"max-video-preview:-1"},"canonical":"https:\/\/matchayama.com\/de\/impressum\/","og_locale":"de_DE","og_type":"article","og_title":"Impressum - Matcha Yama","og_description":"Impressum Eigent\u00fcmer der Website Mateo Jakelic e.U. ist der Eigent\u00fcmer der Website \u201ehttps:\/\/matchayama.com\u201c (im Folgenden \u201edie Website\u201c). Der eingetragene Sitz befindet sich in Matschacherstrasse 276\/5, 9181 Feistritz im Rosental, \u00d6sterreich, und es verf\u00fcgt \u00fcber die Steuernummer (Str. Nr.) 612891499, die Umsatzsteuer-Identifikationsnummer (UID) ATU79765309 sowie eine Gewerbeberechtigung (GISA) 38769887. Du kannst den Website-Eigent\u00fcmer \u00fcber die folgende [&hellip;]","og_url":"https:\/\/matchayama.com\/de\/impressum\/","og_site_name":"Matcha Yama","article_modified_time":"2025-11-06T09:48:35+00:00","twitter_card":"summary_large_image","schema":{"@context":"https:\/\/schema.org","@graph":[{"@type":"WebPage","@id":"https:\/\/matchayama.com\/de\/impressum\/","url":"https:\/\/matchayama.com\/de\/impressum\/","name":"Impressum - Matcha Yama","isPartOf":{"@id":"https:\/\/matchayama.com\/de\/#website"},"datePublished":"2025-11-04T13:38:00+00:00","dateModified":"2025-11-06T09:48:35+00:00","breadcrumb":{"@id":"https:\/\/matchayama.com\/de\/impressum\/#breadcrumb"},"inLanguage":"de","potentialAction":[{"@type":"ReadAction","target":["https:\/\/matchayama.com\/de\/impressum\/"]}]},{"@type":"BreadcrumbList","@id":"https:\/\/matchayama.com\/de\/impressum\/#breadcrumb","itemListElement":[{"@type":"ListItem","position":1,"name":"Home","item":"https:\/\/matchayama.com\/de\/matcha\/"},{"@type":"ListItem","position":2,"name":"Impressum"}]},{"@type":"WebSite","@id":"https:\/\/matchayama.com\/de\/#website","url":"https:\/\/matchayama.com\/de\/","name":"Matcha Yama","description":"don\u2019t settle for good enough","publisher":{"@id":"https:\/\/matchayama.com\/de\/#organization"},"potentialAction":[{"@type":"SearchAction","target":{"@type":"EntryPoint","urlTemplate":"https:\/\/matchayama.com\/de\/?s={search_term_string}"},"query-input":{"@type":"PropertyValueSpecification","valueRequired":true,"valueName":"search_term_string"}}],"inLanguage":"de"},{"@type":"Organization","@id":"https:\/\/matchayama.com\/de\/#organization","name":"Matcha Yama","url":"https:\/\/matchayama.com\/de\/","logo":{"@type":"ImageObject","inLanguage":"de","@id":"https:\/\/matchayama.com\/de\/#\/schema\/logo\/image\/","url":"https:\/\/matchayama.com\/wp-content\/uploads\/2025\/05\/Vector-803.webp","contentUrl":"https:\/\/matchayama.com\/wp-content\/uploads\/2025\/05\/Vector-803.webp","width":252,"height":202,"caption":"Matcha Yama"},"image":{"@id":"https:\/\/matchayama.com\/de\/#\/schema\/logo\/image\/"}}]}},"_links":{"self":[{"href":"https:\/\/matchayama.com\/de\/wp-json\/wp\/v2\/pages\/1431","targetHints":{"allow":["GET"]}}],"collection":[{"href":"https:\/\/matchayama.com\/de\/wp-json\/wp\/v2\/pages"}],"about":[{"href":"https:\/\/matchayama.com\/de\/wp-json\/wp\/v2\/types\/page"}],"author":[{"embeddable":true,"href":"https:\/\/matchayama.com\/de\/wp-json\/wp\/v2\/users\/1"}],"replies":[{"embeddable":true,"href":"https:\/\/matchayama.com\/de\/wp-json\/wp\/v2\/comments?post=1431"}],"version-history":[{"count":1,"href":"https:\/\/matchayama.com\/de\/wp-json\/wp\/v2\/pages\/1431\/revisions"}],"predecessor-version":[{"id":1432,"href":"https:\/\/matchayama.com\/de\/wp-json\/wp\/v2\/pages\/1431\/revisions\/1432"}],"wp:attachment":[{"href":"https:\/\/matchayama.com\/de\/wp-json\/wp\/v2\/media?parent=1431"}],"curies":[{"name":"wp","href":"https:\/\/api.w.org\/{rel}","templated":true}]}}